{"id":16,"date":"2018-10-27T21:34:12","date_gmt":"2018-10-27T21:34:12","guid":{"rendered":"http:\/\/rosemariecaron.com\/?page_id=16"},"modified":"2024-07-10T20:56:23","modified_gmt":"2024-07-10T20:56:23","slug":"demarche","status":"publish","type":"page","link":"https:\/\/rosemariecaron.com\/index.php\/demarche\/","title":{"rendered":"Biographie"},"content":{"rendered":"<div class=\"wp-block-image\">\n<figure class=\"alignright size-large\"><img data-recalc-dims=\"1\" decoding=\"async\" data-attachment-id=\"607\" data-permalink=\"https:\/\/rosemariecaron.com\/index.php\/demarche\/wordpress_1\/\" data-orig-file=\"https:\/\/i0.wp.com\/rosemariecaron.com\/wp-content\/uploads\/2020\/07\/wordpress_1.jpg?fit=%2C&amp;ssl=1\" data-orig-size=\"\" data-comments-opened=\"1\" data-image-meta=\"[]\" data-image-title=\"wordpress_1\" data-image-description=\"\" data-image-caption=\"\" data-large-file=\"https:\/\/i0.wp.com\/rosemariecaron.com\/wp-content\/uploads\/2020\/07\/wordpress_1.jpg?fit=1024%2C1024&amp;ssl=1\" src=\"https:\/\/i0.wp.com\/rosemariecaron.com\/wp-content\/uploads\/2020\/07\/wordpress_1.jpg?w=780&#038;ssl=1\" alt=\"\" class=\"wp-image-607\"\/><figcaption class=\"wp-element-caption\"><br><br><br><em>Rosemarie Caron n\u00e9e en 1997 \u00e0 Shawinigan dans la r\u00e9gion de la Mauricie est une artiste pluridisciplinaire. Elle se perfectionne dans la cr\u00e9ation de peinture et d&rsquo;\u0153uvre \u00e0 l&rsquo;aquarelle.<\/em><br><br><em>Sa formation artistique a d\u00e9but\u00e9 au c\u00e9gep de Sept-\u00celes et elle y obtient un DEC en art visuel en 2017.<\/em><br><br><em>Elle obtient un Baccalaur\u00e9at Interdisciplinaire en arts \u00e0 l\u2019universit\u00e9 du Qu\u00e9bec \u00e0 Chicoutimi en 2021.<\/em><br><br><em>De 2021 \u00e0 2023, elle fait une recherche \u00e0 l&rsquo;universit\u00e9 et obtient le grade de ma\u00eetre es art. Depuis le d\u00e9but de son parcours, elle r\u00e9alise de nombreuses exposition solo et collectif \u00e0 travers le Qu\u00e9bec.<\/em><\/figcaption><\/figure>\n<\/div>\n\n\n<p><\/p>\n\n\n\n<p><\/p>\n","protected":false},"excerpt":{"rendered":"","protected":false},"author":1,"featured_media":0,"parent":0,"menu_order":0,"comment_status":"closed","ping_status":"closed","template":"","meta":{"jetpack_post_was_ever_published":false,"footnotes":""},"class_list":["post-16","page","type-page","status-publish","hentry"],"jetpack_sharing_enabled":true,"jetpack_shortlink":"https:\/\/wp.me\/PayfvP-g","jetpack-related-posts":[],"_links":{"self":[{"href":"https:\/\/rosemariecaron.com\/index.php\/wp-json\/wp\/v2\/pages\/16","targetHints":{"allow":["GET"]}}],"collection":[{"href":"https:\/\/rosemariecaron.com\/index.php\/wp-json\/wp\/v2\/pages"}],"about":[{"href":"https:\/\/rosemariecaron.com\/index.php\/wp-json\/wp\/v2\/types\/page"}],"author":[{"embeddable":true,"href":"https:\/\/rosemariecaron.com\/index.php\/wp-json\/wp\/v2\/users\/1"}],"replies":[{"embeddable":true,"href":"https:\/\/rosemariecaron.com\/index.php\/wp-json\/wp\/v2\/comments?post=16"}],"version-history":[{"count":27,"href":"https:\/\/rosemariecaron.com\/index.php\/wp-json\/wp\/v2\/pages\/16\/revisions"}],"predecessor-version":[{"id":959,"href":"https:\/\/rosemariecaron.com\/index.php\/wp-json\/wp\/v2\/pages\/16\/revisions\/959"}],"wp:attachment":[{"href":"https:\/\/rosemariecaron.com\/index.php\/wp-json\/wp\/v2\/media?parent=16"}],"curies":[{"name":"wp","href":"https:\/\/api.w.org\/{rel}","templated":true}]}}