{"id":42,"date":"2018-12-20T15:02:15","date_gmt":"2018-12-20T15:02:15","guid":{"rendered":"http:\/\/rosemariecaron.com\/?page_id=42"},"modified":"2024-07-10T20:41:03","modified_gmt":"2024-07-10T20:41:03","slug":"cv","status":"publish","type":"page","link":"https:\/\/rosemariecaron.com\/index.php\/cv\/","title":{"rendered":"Curriculum Vitae"},"content":{"rendered":"\n<p><strong>Formation acad\u00e9mique<\/strong><\/p>\n\n\n\n<p>&#8211; Ma\u00eetrise en Arts (2021-2023)<\/p>\n\n\n\n<p>-Baccalaur\u00e9at Interdisciplinaire en Arts, Universit\u00e9 du Qu\u00e9bec \u00e0 Chicoutimi (2018-2021)<\/p>\n\n\n\n<p>-D.E.C en Arts visuel, C\u00e9gep de Sept-\u00celes (2017)<\/p>\n\n\n\n<p><strong>Prix et bourses<\/strong><\/p>\n\n\n\n<p>-Bourse d\u2019excellence des notes du programme Arts visuels, C\u00e9gep de Sept-\u00eeles,2017.<\/p>\n\n\n\n<p><strong>Expositions<\/strong><\/p>\n\n\n\n<p>Individuelles<\/p>\n\n\n\n<p>&#8211; C\u00e9gep de Jonqui\u00e8re, Jonqui\u00e8re (QC), <em>Osciller la voie des chrysalides<\/em>, 11 octobre au 26 novembre 2023<\/p>\n\n\n\n<p>-Biblioth\u00e8que Louis-Ange Santerre, Sept-\u00celes (QC),<em> De l\u2019effervescence \u00e0 la fugacit\u00e9<\/em>, 3 juin au 5 juillet 2019<\/p>\n\n\n\n<p>-Mus\u00e9e r\u00e9gional de la C\u00f4te-Nord, Sept-\u00celes (QC),<em> Vibrance<\/em>, 10 octobre au 2 d\u00e9cembre 2018<\/p>\n\n\n\n<p>-Biblioth\u00e8que Louis-Ange Santerre, Sept-\u00celes (QC),<em> Visages<\/em>, 6 ao\u00fbt au 3 septembre 2018<\/p>\n\n\n\n<p>-Caf\u00e9 chez Sophie, <em>Imaginaire, <\/em>Sept-\u00celes (QC), 1 juin au 1 juillet 2018<\/p>\n\n\n\n<p>-Biblioth\u00e8que Louis-Ange Santerre, Sept-\u00celes (QC),<em> int\u00e9riorit\u00e9<\/em>, 3 juin au 3 juillet 2017<\/p>\n\n\n\n<p>Collectives<\/p>\n\n\n\n<p>-La Galerie L\u2019\u0152uvre de l\u2019Autre, Chicoutimi (QC), Imaginaire perdu, 8 au 21 d\u00e9cembre 2021<\/p>\n\n\n\n<p>-La Galerie L\u2019\u0152uvre de l\u2019Autre, Chicoutimi (QC), M\u00e9moire de l\u2019entendement, 8 au 12 mars 2021<\/p>\n\n\n\n<p>-Universit\u00e9 du Qu\u00e9bec \u00e0 Chicoutimi, Chicoutimi (QC), Vernissage Hybride, 25 avril 2019<\/p>\n\n\n\n<p>-La Galerie L\u2019\u0152uvre de l\u2019Autre, Chicoutimi (QC), Festival Cin\u00e9moi, 3 au 17 avril 2019<\/p>\n\n\n\n<p>-455 rue Arnaud, Sept-\u00celes (QC), <em>Exposition des Membres de PANACHE<\/em>, 4 au 15 juin 2018<\/p>\n\n\n\n<p>-C\u00e9gep de Sept-\u00celes, Sept-\u00celes (QC),<em> Exposition des finissant 2017<\/em>, 10 au 16 mai 2017<\/p>\n\n\n\n<p><strong>Litt\u00e9rature<\/strong><\/p>\n\n\n\n<p>Revues<\/p>\n\n\n\n<p>&#8211; Inter art actuel, no.142<em>, la m\u00e9lancolie \u00e0 la l\u2019\u00e8re de la technique<\/em>, 2023<\/p>\n\n\n\n<p>&#8211; Flu\u00efde(s), no.1, Gen\u00e8se, 2021<\/p>\n\n\n\n<p>Livres d\u2019artistes<\/p>\n\n\n\n<p>&#8211; <em>Osciller la voie des chrysalides<\/em>, arts-visuels, auto\u00e9dition, 2023.<\/p>\n\n\n\n<p>&#8211; <em>Entre deux passages,<\/em> prose et arts-visuels, auto\u00e9dition, 2020.<\/p>\n\n\n\n<p>Publications collectives<\/p>\n\n\n\n<p>&#8211; <em>La vie en couleur<\/em>, Atelier de r\u00e9flexion, \u00c9ditions Interritoires, 2020.<\/p>\n\n\n\n<p>&#8211;<em>Coul<\/em>eur de l\u2019\u00e2me, recueil de po\u00e9sie, \u00c9ditions Rubis, avril 2018.<\/p>\n\n\n\n<p><strong>Publications<\/strong><\/p>\n\n\n\n<p><strong>&nbsp;<\/strong>&#8211; Bennaceur, Nassima (2019, 1 juin). \u00ab<em> La peintre Rosemarie Caron pr\u00e9sente ses nouvelles toiles \u00bb. Le Nord-C\u00f4tier<\/em> [Journal imprim\u00e9 + article en ligne]. Consult\u00e9 le 1 juin 2019 sur <a href=\"https:\/\/ici.radio-canada.ca\/nouvelle\/1129251\/photographie-musee-regional-cote-nord-rosemarie-caron\">https:\/\/ici.radio-canada.ca\/nouvelle\/1129251\/photographie-musee-regional-cote-nord-rosemarie-caron<\/a><\/p>\n\n\n\n<p>&#8211; Mangeau, Marc-Antoine (2018, 11 octobre). \u00ab <em>L\u2019exposition de photos Vibrance s\u2019ouvre au Mus\u00e9e r\u00e9gional de la C\u00f4te-Nord<\/em> \u00bb. Radio-Canada [article en ligne]. Consult\u00e9 le 11 octobre 2018 sur <a href=\"https:\/\/ici.radio-canada.ca\/nouvelle\/1129251\/photographie-musee-regional-cote-nord-rosemarie-caron\">https:\/\/ici.radio-canada.ca\/nouvelle\/1129251\/photographie-musee-regional-cote-nord-rosemarie-caron<\/a><\/p>\n\n\n\n<p>&#8211; Caron, Rosemarie (2018). \u00ab <em>Hubert dans l\u2019espace<\/em> \u00bb [Dessin]. Le Griffonnier (29 novembre 2018), page 12, no 132.<\/p>\n\n\n\n<p><strong>Entrevues radios<\/strong><\/p>\n\n\n\n<p>&#8211;<em> Bonjour la c\u00f4te<\/em>, 2019, \u00c9mission de radio. Anim\u00e9 par Bis Petitpas, entrevue par Paule Therrien. Diffus\u00e9 le 6 juin 2019, Sept-\u00celes, Radio-Canada.<\/p>\n\n\n\n<p><strong>Implications scolaires<\/strong><\/p>\n\n\n\n<p>&#8211; Pr\u00e9sidente de l\u2019association des \u00e9tudiants en arts (UQAC) de septembre 2022 \u00e0 ao\u00fbt 2023<\/p>\n\n\n\n<p>&#8211; Co-fondatrice de la revue d\u2019art \u00e9tudiante Gen\u00e8se de novembre 2021 \u00e0 2023<\/p>\n\n\n\n<p>&#8211; Repr\u00e9sentante des \u00c9tudiants \u00e0 la ma\u00eetrise en arts (UQAC) de septembre 2021 \u00e0 mai 2022<\/p>\n\n\n\n<p>&#8211; Tr\u00e9sori\u00e8re de l\u2019association des \u00e9tudiants en arts (UQAC) d&rsquo;octobre 2020 \u00e0 septembre 2021<\/p>\n\n\n\n<p>&#8211; Repr\u00e9sentante des \u00c9tudiants au BAC Interdisciplinaire en arts de l\u2019automne 2019 \u00e0 octobre 2020<\/p>\n\n\n\n<p>&#8211; Membre du comit\u00e9 de l\u2019organisation de l\u2019\u00e9v\u00e8nement du Vernissage Hybride (25 avril 2019)<\/p>\n","protected":false},"excerpt":{"rendered":"<p>Formation acad\u00e9mique &#8211; Ma\u00eetrise en Arts (2021-2023) -Baccalaur\u00e9at Interdisciplinaire en Arts, Universit\u00e9 du Qu\u00e9bec \u00e0 Chicoutimi (2018-2021) -D.E.C en Arts visuel, C\u00e9gep de Sept-\u00celes (2017) Prix et bourses -Bourse d\u2019excellence des notes du programme Arts visuels, C\u00e9gep de Sept-\u00eeles,2017. Expositions Individuelles &#8211; C\u00e9gep de Jonqui\u00e8re, Jonqui\u00e8re (QC), Osciller la voie des chrysalides, 11 octobre au &hellip; <\/p>\n","protected":false},"author":1,"featured_media":0,"parent":0,"menu_order":0,"comment_status":"closed","ping_status":"closed","template":"","meta":{"jetpack_post_was_ever_published":false,"footnotes":""},"class_list":["post-42","page","type-page","status-publish","hentry"],"jetpack_sharing_enabled":true,"jetpack_shortlink":"https:\/\/wp.me\/PayfvP-G","jetpack-related-posts":[],"_links":{"self":[{"href":"https:\/\/rosemariecaron.com\/index.php\/wp-json\/wp\/v2\/pages\/42","targetHints":{"allow":["GET"]}}],"collection":[{"href":"https:\/\/rosemariecaron.com\/index.php\/wp-json\/wp\/v2\/pages"}],"about":[{"href":"https:\/\/rosemariecaron.com\/index.php\/wp-json\/wp\/v2\/types\/page"}],"author":[{"embeddable":true,"href":"https:\/\/rosemariecaron.com\/index.php\/wp-json\/wp\/v2\/users\/1"}],"replies":[{"embeddable":true,"href":"https:\/\/rosemariecaron.com\/index.php\/wp-json\/wp\/v2\/comments?post=42"}],"version-history":[{"count":5,"href":"https:\/\/rosemariecaron.com\/index.php\/wp-json\/wp\/v2\/pages\/42\/revisions"}],"predecessor-version":[{"id":944,"href":"https:\/\/rosemariecaron.com\/index.php\/wp-json\/wp\/v2\/pages\/42\/revisions\/944"}],"wp:attachment":[{"href":"https:\/\/rosemariecaron.com\/index.php\/wp-json\/wp\/v2\/media?parent=42"}],"curies":[{"name":"wp","href":"https:\/\/api.w.org\/{rel}","templated":true}]}}