{"id":510,"date":"2019-05-10T14:53:46","date_gmt":"2019-05-10T14:53:46","guid":{"rendered":"http:\/\/rosemariecaron.com\/index.php\/boutique\/"},"modified":"2024-07-10T20:59:24","modified_gmt":"2024-07-10T20:59:24","slug":"boutique","status":"publish","type":"page","link":"https:\/\/rosemariecaron.com\/index.php\/boutique\/","title":{"rendered":"Liens boutiques"},"content":{"rendered":"\n<p>Si vous souhaitez acqu\u00e9rir l&rsquo;une de mes oeuvres ou encore acheter un produit d\u00e9riv\u00e9 voici les liens vers ma boutique en ligne s\u00e9curis\u00e9 ainsi qu&rsquo;avec mes comptes partenaires ci-dessous ! Merci de mettre l&rsquo;art au priorit\u00e9 de votre vie. Vous pouvez aussi me rencontrer lors d&rsquo;un march\u00e9 ou d&rsquo;une exposition&#8230; Voir les \u00e9v\u00e8nements \u00e0 venir pour plus de d\u00e9tails. <\/p>\n\n\n\n<figure class=\"wp-block-image size-large\"><img data-recalc-dims=\"1\" loading=\"lazy\" decoding=\"async\" width=\"780\" height=\"585\" data-attachment-id=\"821\" data-permalink=\"https:\/\/rosemariecaron.com\/index.php\/boutique\/0d2d2b76-775b-4991-9c34-df419bdb8808\/\" data-orig-file=\"https:\/\/i0.wp.com\/rosemariecaron.com\/wp-content\/uploads\/2022\/12\/0D2D2B76-775B-4991-9C34-DF419BDB8808.jpeg?fit=1872%2C1404&amp;ssl=1\" data-orig-size=\"1872,1404\" data-comments-opened=\"1\" data-image-meta=\"{&quot;aperture&quot;:&quot;0&quot;,&quot;credit&quot;:&quot;&quot;,&quot;camera&quot;:&quot;&quot;,&quot;caption&quot;:&quot;&quot;,&quot;created_timestamp&quot;:&quot;0&quot;,&quot;copyright&quot;:&quot;&quot;,&quot;focal_length&quot;:&quot;0&quot;,&quot;iso&quot;:&quot;0&quot;,&quot;shutter_speed&quot;:&quot;0&quot;,&quot;title&quot;:&quot;&quot;,&quot;orientation&quot;:&quot;1&quot;}\" data-image-title=\"0D2D2B76-775B-4991-9C34-DF419BDB8808\" data-image-description=\"\" data-image-caption=\"\" data-large-file=\"https:\/\/i0.wp.com\/rosemariecaron.com\/wp-content\/uploads\/2022\/12\/0D2D2B76-775B-4991-9C34-DF419BDB8808.jpeg?fit=780%2C585&amp;ssl=1\" src=\"https:\/\/i0.wp.com\/rosemariecaron.com\/wp-content\/uploads\/2022\/12\/0D2D2B76-775B-4991-9C34-DF419BDB8808.jpeg?resize=780%2C585&#038;ssl=1\" alt=\"\" class=\"wp-image-821\" srcset=\"https:\/\/i0.wp.com\/rosemariecaron.com\/wp-content\/uploads\/2022\/12\/0D2D2B76-775B-4991-9C34-DF419BDB8808.jpeg?resize=1024%2C768&amp;ssl=1 1024w, https:\/\/i0.wp.com\/rosemariecaron.com\/wp-content\/uploads\/2022\/12\/0D2D2B76-775B-4991-9C34-DF419BDB8808.jpeg?resize=300%2C225&amp;ssl=1 300w, https:\/\/i0.wp.com\/rosemariecaron.com\/wp-content\/uploads\/2022\/12\/0D2D2B76-775B-4991-9C34-DF419BDB8808.jpeg?resize=768%2C576&amp;ssl=1 768w, https:\/\/i0.wp.com\/rosemariecaron.com\/wp-content\/uploads\/2022\/12\/0D2D2B76-775B-4991-9C34-DF419BDB8808.jpeg?resize=1536%2C1152&amp;ssl=1 1536w, https:\/\/i0.wp.com\/rosemariecaron.com\/wp-content\/uploads\/2022\/12\/0D2D2B76-775B-4991-9C34-DF419BDB8808.jpeg?resize=416%2C312&amp;ssl=1 416w, https:\/\/i0.wp.com\/rosemariecaron.com\/wp-content\/uploads\/2022\/12\/0D2D2B76-775B-4991-9C34-DF419BDB8808.jpeg?w=1872&amp;ssl=1 1872w\" sizes=\"auto, (max-width: 780px) 100vw, 780px\" \/><\/figure>\n\n\n\n<h3 class=\"wp-block-heading has-text-align-center\"><strong>Prints 8&#215;10,  9&#215;12, 11&#215;14 <\/strong><\/h3>\n\n\n\n<figure class=\"wp-block-gallery has-nested-images columns-default is-cropped wp-block-gallery-1 is-layout-flex wp-block-gallery-is-layout-flex\">\n<figure class=\"wp-block-image size-large\"><img data-recalc-dims=\"1\" loading=\"lazy\" decoding=\"async\" width=\"780\" height=\"613\" data-attachment-id=\"829\" data-permalink=\"https:\/\/rosemariecaron.com\/index.php\/boutique\/93b540d0-e036-4f1e-86f1-3926e099f715\/\" data-orig-file=\"https:\/\/i0.wp.com\/rosemariecaron.com\/wp-content\/uploads\/2022\/12\/93B540D0-E036-4F1E-86F1-3926E099F715.jpeg?fit=1440%2C1132&amp;ssl=1\" data-orig-size=\"1440,1132\" data-comments-opened=\"1\" data-image-meta=\"{&quot;aperture&quot;:&quot;0&quot;,&quot;credit&quot;:&quot;&quot;,&quot;camera&quot;:&quot;&quot;,&quot;caption&quot;:&quot;&quot;,&quot;created_timestamp&quot;:&quot;0&quot;,&quot;copyright&quot;:&quot;&quot;,&quot;focal_length&quot;:&quot;0&quot;,&quot;iso&quot;:&quot;0&quot;,&quot;shutter_speed&quot;:&quot;0&quot;,&quot;title&quot;:&quot;&quot;,&quot;orientation&quot;:&quot;1&quot;}\" data-image-title=\"93B540D0-E036-4F1E-86F1-3926E099F715\" data-image-description=\"\" data-image-caption=\"\" data-large-file=\"https:\/\/i0.wp.com\/rosemariecaron.com\/wp-content\/uploads\/2022\/12\/93B540D0-E036-4F1E-86F1-3926E099F715.jpeg?fit=780%2C613&amp;ssl=1\" data-id=\"829\" src=\"https:\/\/i0.wp.com\/rosemariecaron.com\/wp-content\/uploads\/2022\/12\/93B540D0-E036-4F1E-86F1-3926E099F715.jpeg?resize=780%2C613&#038;ssl=1\" alt=\"\" class=\"wp-image-829\" srcset=\"https:\/\/i0.wp.com\/rosemariecaron.com\/wp-content\/uploads\/2022\/12\/93B540D0-E036-4F1E-86F1-3926E099F715.jpeg?resize=1024%2C805&amp;ssl=1 1024w, https:\/\/i0.wp.com\/rosemariecaron.com\/wp-content\/uploads\/2022\/12\/93B540D0-E036-4F1E-86F1-3926E099F715.jpeg?resize=300%2C236&amp;ssl=1 300w, https:\/\/i0.wp.com\/rosemariecaron.com\/wp-content\/uploads\/2022\/12\/93B540D0-E036-4F1E-86F1-3926E099F715.jpeg?resize=768%2C604&amp;ssl=1 768w, https:\/\/i0.wp.com\/rosemariecaron.com\/wp-content\/uploads\/2022\/12\/93B540D0-E036-4F1E-86F1-3926E099F715.jpeg?resize=416%2C327&amp;ssl=1 416w, https:\/\/i0.wp.com\/rosemariecaron.com\/wp-content\/uploads\/2022\/12\/93B540D0-E036-4F1E-86F1-3926E099F715.jpeg?w=1440&amp;ssl=1 1440w\" sizes=\"auto, (max-width: 780px) 100vw, 780px\" \/><\/figure>\n\n\n\n<figure class=\"wp-block-image size-large\"><img data-recalc-dims=\"1\" loading=\"lazy\" decoding=\"async\" width=\"780\" height=\"614\" data-attachment-id=\"828\" data-permalink=\"https:\/\/rosemariecaron.com\/index.php\/boutique\/35b35937-f0dd-4dd7-aff9-1ad22641a630\/\" data-orig-file=\"https:\/\/i0.wp.com\/rosemariecaron.com\/wp-content\/uploads\/2022\/12\/35B35937-F0DD-4DD7-AFF9-1AD22641A630.jpeg?fit=1440%2C1133&amp;ssl=1\" data-orig-size=\"1440,1133\" data-comments-opened=\"1\" data-image-meta=\"{&quot;aperture&quot;:&quot;0&quot;,&quot;credit&quot;:&quot;&quot;,&quot;camera&quot;:&quot;&quot;,&quot;caption&quot;:&quot;&quot;,&quot;created_timestamp&quot;:&quot;0&quot;,&quot;copyright&quot;:&quot;&quot;,&quot;focal_length&quot;:&quot;0&quot;,&quot;iso&quot;:&quot;0&quot;,&quot;shutter_speed&quot;:&quot;0&quot;,&quot;title&quot;:&quot;&quot;,&quot;orientation&quot;:&quot;1&quot;}\" data-image-title=\"35B35937-F0DD-4DD7-AFF9-1AD22641A630\" data-image-description=\"\" data-image-caption=\"\" data-large-file=\"https:\/\/i0.wp.com\/rosemariecaron.com\/wp-content\/uploads\/2022\/12\/35B35937-F0DD-4DD7-AFF9-1AD22641A630.jpeg?fit=780%2C614&amp;ssl=1\" data-id=\"828\" src=\"https:\/\/i0.wp.com\/rosemariecaron.com\/wp-content\/uploads\/2022\/12\/35B35937-F0DD-4DD7-AFF9-1AD22641A630.jpeg?resize=780%2C614&#038;ssl=1\" alt=\"\" class=\"wp-image-828\" srcset=\"https:\/\/i0.wp.com\/rosemariecaron.com\/wp-content\/uploads\/2022\/12\/35B35937-F0DD-4DD7-AFF9-1AD22641A630.jpeg?resize=1024%2C806&amp;ssl=1 1024w, https:\/\/i0.wp.com\/rosemariecaron.com\/wp-content\/uploads\/2022\/12\/35B35937-F0DD-4DD7-AFF9-1AD22641A630.jpeg?resize=300%2C236&amp;ssl=1 300w, https:\/\/i0.wp.com\/rosemariecaron.com\/wp-content\/uploads\/2022\/12\/35B35937-F0DD-4DD7-AFF9-1AD22641A630.jpeg?resize=768%2C604&amp;ssl=1 768w, https:\/\/i0.wp.com\/rosemariecaron.com\/wp-content\/uploads\/2022\/12\/35B35937-F0DD-4DD7-AFF9-1AD22641A630.jpeg?resize=416%2C327&amp;ssl=1 416w, https:\/\/i0.wp.com\/rosemariecaron.com\/wp-content\/uploads\/2022\/12\/35B35937-F0DD-4DD7-AFF9-1AD22641A630.jpeg?w=1440&amp;ssl=1 1440w\" sizes=\"auto, (max-width: 780px) 100vw, 780px\" \/><\/figure>\n<\/figure>\n\n\n\n<p><strong>Visiter ma nouvelle boutique en ligne s\u00e9curis\u00e9 pour l&rsquo;achat d&rsquo;oeuvres originales, de prints et plus encore <\/strong>!!!<\/p>\n\n\n\n<h2 class=\"wp-block-heading has-text-align-center\">Liens vers la boutique en ligne <\/h2>\n\n\n\n<div class=\"wp-block-cover is-light\"><span aria-hidden=\"true\" class=\"wp-block-cover__background has-pale-pink-background-color has-background-dim\"><\/span><img data-recalc-dims=\"1\" loading=\"lazy\" decoding=\"async\" width=\"780\" height=\"570\" data-attachment-id=\"671\" data-permalink=\"https:\/\/rosemariecaron.com\/index.php\/peinture-acrylique\/attachment\/00000003\/\" data-orig-file=\"https:\/\/i0.wp.com\/rosemariecaron.com\/wp-content\/uploads\/2022\/03\/00000003-scaled-e1647531708560.jpg?fit=2477%2C1810&amp;ssl=1\" data-orig-size=\"2477,1810\" data-comments-opened=\"1\" data-image-meta=\"{&quot;aperture&quot;:&quot;0&quot;,&quot;credit&quot;:&quot;&quot;,&quot;camera&quot;:&quot;&quot;,&quot;caption&quot;:&quot;&quot;,&quot;created_timestamp&quot;:&quot;0&quot;,&quot;copyright&quot;:&quot;&quot;,&quot;focal_length&quot;:&quot;0&quot;,&quot;iso&quot;:&quot;0&quot;,&quot;shutter_speed&quot;:&quot;0&quot;,&quot;title&quot;:&quot;&quot;,&quot;orientation&quot;:&quot;1&quot;}\" data-image-title=\"00000003\" data-image-description=\"\" data-image-caption=\"\" data-large-file=\"https:\/\/i0.wp.com\/rosemariecaron.com\/wp-content\/uploads\/2022\/03\/00000003-scaled-e1647531708560.jpg?fit=780%2C570&amp;ssl=1\" class=\"wp-block-cover__image-background wp-image-671\" alt=\"\" src=\"https:\/\/i0.wp.com\/rosemariecaron.com\/wp-content\/uploads\/2022\/03\/00000003-scaled-e1647531708560.jpg?resize=780%2C570&#038;ssl=1\" data-object-fit=\"cover\" srcset=\"https:\/\/i0.wp.com\/rosemariecaron.com\/wp-content\/uploads\/2022\/03\/00000003-scaled-e1647531708560.jpg?w=2477&amp;ssl=1 2477w, https:\/\/i0.wp.com\/rosemariecaron.com\/wp-content\/uploads\/2022\/03\/00000003-scaled-e1647531708560.jpg?resize=300%2C219&amp;ssl=1 300w, https:\/\/i0.wp.com\/rosemariecaron.com\/wp-content\/uploads\/2022\/03\/00000003-scaled-e1647531708560.jpg?resize=1024%2C748&amp;ssl=1 1024w, https:\/\/i0.wp.com\/rosemariecaron.com\/wp-content\/uploads\/2022\/03\/00000003-scaled-e1647531708560.jpg?resize=768%2C561&amp;ssl=1 768w, https:\/\/i0.wp.com\/rosemariecaron.com\/wp-content\/uploads\/2022\/03\/00000003-scaled-e1647531708560.jpg?resize=1536%2C1122&amp;ssl=1 1536w, https:\/\/i0.wp.com\/rosemariecaron.com\/wp-content\/uploads\/2022\/03\/00000003-scaled-e1647531708560.jpg?resize=2048%2C1497&amp;ssl=1 2048w, https:\/\/i0.wp.com\/rosemariecaron.com\/wp-content\/uploads\/2022\/03\/00000003-scaled-e1647531708560.jpg?resize=1500%2C1096&amp;ssl=1 1500w, https:\/\/i0.wp.com\/rosemariecaron.com\/wp-content\/uploads\/2022\/03\/00000003-scaled-e1647531708560.jpg?w=2340&amp;ssl=1 2340w\" sizes=\"auto, (max-width: 780px) 100vw, 780px\" \/><div class=\"wp-block-cover__inner-container is-layout-constrained wp-block-cover-is-layout-constrained\">\n<p class=\"has-text-align-left has-large-font-size\"><a href=\"https:\/\/rosemariecaronartisteboutique.square.site\"><mark style=\"background-color:rgba(0, 0, 0, 0)\" class=\"has-inline-color has-black-color\">https:\/\/rosemariecaronartisteboutique.square.site<\/mark><\/a><\/p>\n<\/div><\/div>\n\n\n\n<p><\/p>\n\n\n\n<h3 class=\"wp-block-heading\"><br><strong>produits d\u00e9riv\u00e9s<\/strong> <strong>en partenariat avec la compagnie Redbubble<\/strong><\/h3>\n\n\n\n<h4 class=\"wp-block-heading\"><a href=\"https:\/\/www.redbubble.com\/fr\/people\/Rose13rose13\/shop?asc=u&amp;ref=account-nav-dropdown\">https:\/\/www.redbubble.com\/fr\/people\/Rose13rose13\/shop<\/a><\/h4>\n\n\n\n<figure class=\"wp-block-image size-full\"><img data-recalc-dims=\"1\" loading=\"lazy\" decoding=\"async\" width=\"780\" height=\"780\" data-attachment-id=\"824\" data-permalink=\"https:\/\/rosemariecaron.com\/index.php\/boutique\/f9ec346a-6b0a-43ff-ad86-d9636ea1349b\/\" data-orig-file=\"https:\/\/i0.wp.com\/rosemariecaron.com\/wp-content\/uploads\/2022\/12\/F9EC346A-6B0A-43FF-AD86-D9636EA1349B.jpeg?fit=900%2C900&amp;ssl=1\" data-orig-size=\"900,900\" data-comments-opened=\"1\" data-image-meta=\"{&quot;aperture&quot;:&quot;0&quot;,&quot;credit&quot;:&quot;&quot;,&quot;camera&quot;:&quot;&quot;,&quot;caption&quot;:&quot;&quot;,&quot;created_timestamp&quot;:&quot;0&quot;,&quot;copyright&quot;:&quot;\\u00a9 Rosemarie Caron - http:\/\/www.redbubble.com\/fr\/people\/rose13rose1&quot;,&quot;focal_length&quot;:&quot;0&quot;,&quot;iso&quot;:&quot;0&quot;,&quot;shutter_speed&quot;:&quot;0&quot;,&quot;title&quot;:&quot;&quot;,&quot;orientation&quot;:&quot;0&quot;}\" data-image-title=\"F9EC346A-6B0A-43FF-AD86-D9636EA1349B\" data-image-description=\"\" data-image-caption=\"\" data-large-file=\"https:\/\/i0.wp.com\/rosemariecaron.com\/wp-content\/uploads\/2022\/12\/F9EC346A-6B0A-43FF-AD86-D9636EA1349B.jpeg?fit=780%2C780&amp;ssl=1\" src=\"https:\/\/i0.wp.com\/rosemariecaron.com\/wp-content\/uploads\/2022\/12\/F9EC346A-6B0A-43FF-AD86-D9636EA1349B.jpeg?resize=780%2C780&#038;ssl=1\" alt=\"\" class=\"wp-image-824\" srcset=\"https:\/\/i0.wp.com\/rosemariecaron.com\/wp-content\/uploads\/2022\/12\/F9EC346A-6B0A-43FF-AD86-D9636EA1349B.jpeg?w=900&amp;ssl=1 900w, https:\/\/i0.wp.com\/rosemariecaron.com\/wp-content\/uploads\/2022\/12\/F9EC346A-6B0A-43FF-AD86-D9636EA1349B.jpeg?resize=300%2C300&amp;ssl=1 300w, https:\/\/i0.wp.com\/rosemariecaron.com\/wp-content\/uploads\/2022\/12\/F9EC346A-6B0A-43FF-AD86-D9636EA1349B.jpeg?resize=150%2C150&amp;ssl=1 150w, https:\/\/i0.wp.com\/rosemariecaron.com\/wp-content\/uploads\/2022\/12\/F9EC346A-6B0A-43FF-AD86-D9636EA1349B.jpeg?resize=768%2C768&amp;ssl=1 768w, https:\/\/i0.wp.com\/rosemariecaron.com\/wp-content\/uploads\/2022\/12\/F9EC346A-6B0A-43FF-AD86-D9636EA1349B.jpeg?resize=324%2C324&amp;ssl=1 324w, https:\/\/i0.wp.com\/rosemariecaron.com\/wp-content\/uploads\/2022\/12\/F9EC346A-6B0A-43FF-AD86-D9636EA1349B.jpeg?resize=416%2C416&amp;ssl=1 416w, https:\/\/i0.wp.com\/rosemariecaron.com\/wp-content\/uploads\/2022\/12\/F9EC346A-6B0A-43FF-AD86-D9636EA1349B.jpeg?resize=100%2C100&amp;ssl=1 100w\" sizes=\"auto, (max-width: 780px) 100vw, 780px\" \/><\/figure>\n\n\n\n<p><\/p>\n\n\n\n<h3 class=\"wp-block-heading\">Vous avez des questions sur l&rsquo;achat d&rsquo;oeuvre en ligne ? Contacter moi par courriel \u00e0 l&rsquo;adresse suivante :<\/h3>\n\n\n\n<h3 class=\"wp-block-heading\"> ro-ro_1041@hotmail.com<\/h3>\n\n\n\n<p><\/p>\n","protected":false},"excerpt":{"rendered":"<p>Si vous souhaitez acqu\u00e9rir l&rsquo;une de mes oeuvres ou encore acheter un produit d\u00e9riv\u00e9 voici les liens vers ma boutique en ligne s\u00e9curis\u00e9 ainsi qu&rsquo;avec mes comptes partenaires ci-dessous ! Merci de mettre l&rsquo;art au priorit\u00e9 de votre vie. Vous pouvez aussi me rencontrer lors d&rsquo;un march\u00e9 ou d&rsquo;une exposition&#8230; Voir les \u00e9v\u00e8nements \u00e0 venir &hellip; <\/p>\n","protected":false},"author":1,"featured_media":0,"parent":0,"menu_order":0,"comment_status":"closed","ping_status":"closed","template":"","meta":{"jetpack_post_was_ever_published":false,"footnotes":""},"class_list":["post-510","page","type-page","status-publish","hentry"],"jetpack_sharing_enabled":true,"jetpack_shortlink":"https:\/\/wp.me\/PayfvP-8e","jetpack-related-posts":[],"_links":{"self":[{"href":"https:\/\/rosemariecaron.com\/index.php\/wp-json\/wp\/v2\/pages\/510","targetHints":{"allow":["GET"]}}],"collection":[{"href":"https:\/\/rosemariecaron.com\/index.php\/wp-json\/wp\/v2\/pages"}],"about":[{"href":"https:\/\/rosemariecaron.com\/index.php\/wp-json\/wp\/v2\/types\/page"}],"author":[{"embeddable":true,"href":"https:\/\/rosemariecaron.com\/index.php\/wp-json\/wp\/v2\/users\/1"}],"replies":[{"embeddable":true,"href":"https:\/\/rosemariecaron.com\/index.php\/wp-json\/wp\/v2\/comments?post=510"}],"version-history":[{"count":26,"href":"https:\/\/rosemariecaron.com\/index.php\/wp-json\/wp\/v2\/pages\/510\/revisions"}],"predecessor-version":[{"id":961,"href":"https:\/\/rosemariecaron.com\/index.php\/wp-json\/wp\/v2\/pages\/510\/revisions\/961"}],"wp:attachment":[{"href":"https:\/\/rosemariecaron.com\/index.php\/wp-json\/wp\/v2\/media?parent=510"}],"curies":[{"name":"wp","href":"https:\/\/api.w.org\/{rel}","templated":true}]}}