{"id":53,"date":"2018-12-20T15:16:31","date_gmt":"2018-12-20T15:16:31","guid":{"rendered":"http:\/\/rosemariecaron.com\/?page_id=53"},"modified":"2024-07-10T23:33:30","modified_gmt":"2024-07-10T23:33:30","slug":"demarche-artistique","status":"publish","type":"page","link":"https:\/\/rosemariecaron.com\/index.php\/demarche-artistique\/","title":{"rendered":"D\u00e9marche artistique"},"content":{"rendered":"\n<figure class=\"wp-block-image size-large is-resized\"><img data-recalc-dims=\"1\" loading=\"lazy\" decoding=\"async\" width=\"780\" height=\"519\" data-attachment-id=\"942\" data-permalink=\"https:\/\/rosemariecaron.com\/index.php\/demarche-artistique\/thumbnail_image0\/\" data-orig-file=\"https:\/\/i0.wp.com\/rosemariecaron.com\/wp-content\/uploads\/2024\/07\/thumbnail_image0.jpg?fit=1920%2C1276&amp;ssl=1\" data-orig-size=\"1920,1276\" data-comments-opened=\"1\" data-image-meta=\"{&quot;aperture&quot;:&quot;0&quot;,&quot;credit&quot;:&quot;&quot;,&quot;camera&quot;:&quot;&quot;,&quot;caption&quot;:&quot;&quot;,&quot;created_timestamp&quot;:&quot;0&quot;,&quot;copyright&quot;:&quot;&quot;,&quot;focal_length&quot;:&quot;0&quot;,&quot;iso&quot;:&quot;0&quot;,&quot;shutter_speed&quot;:&quot;0&quot;,&quot;title&quot;:&quot;&quot;,&quot;orientation&quot;:&quot;0&quot;}\" data-image-title=\"thumbnail_image0\" data-image-description=\"\" data-image-caption=\"\" data-large-file=\"https:\/\/i0.wp.com\/rosemariecaron.com\/wp-content\/uploads\/2024\/07\/thumbnail_image0.jpg?fit=780%2C519&amp;ssl=1\" src=\"https:\/\/i0.wp.com\/rosemariecaron.com\/wp-content\/uploads\/2024\/07\/thumbnail_image0.jpg?resize=780%2C519&#038;ssl=1\" alt=\"\" class=\"wp-image-942\" style=\"width:840px;height:auto\" srcset=\"https:\/\/i0.wp.com\/rosemariecaron.com\/wp-content\/uploads\/2024\/07\/thumbnail_image0.jpg?resize=1024%2C681&amp;ssl=1 1024w, https:\/\/i0.wp.com\/rosemariecaron.com\/wp-content\/uploads\/2024\/07\/thumbnail_image0.jpg?resize=300%2C199&amp;ssl=1 300w, https:\/\/i0.wp.com\/rosemariecaron.com\/wp-content\/uploads\/2024\/07\/thumbnail_image0.jpg?resize=768%2C510&amp;ssl=1 768w, https:\/\/i0.wp.com\/rosemariecaron.com\/wp-content\/uploads\/2024\/07\/thumbnail_image0.jpg?resize=1536%2C1021&amp;ssl=1 1536w, https:\/\/i0.wp.com\/rosemariecaron.com\/wp-content\/uploads\/2024\/07\/thumbnail_image0.jpg?w=1920&amp;ssl=1 1920w\" sizes=\"auto, (max-width: 780px) 100vw, 780px\" \/><\/figure>\n\n\n\n<p>Cr\u00e9dit photo : Nathalie Bolduc (2023)<\/p>\n\n\n\n<p><br>Ma d\u00e9marche artistique s\u2019oriente autour du rapport entre l\u2019\u00eatre humain, sa spiritualit\u00e9 et son environnement. L\u2019autofiction, ma sensibilit\u00e9 et mon int\u00e9riorit\u00e9 sont des \u00e9l\u00e9ments r\u00e9currents dans mon travail. En effet, je m\u2019int\u00e9resse \u00e0\u00a0ma relation d\u2019alt\u00e9rit\u00e9 avec les individus. Ainsi, je puisse\u00a0la symbolique de mon travail dans mes rapports psychiques avec les arch\u00e9types qui \u00e9mergent de mon inconscient. J\u2019\u00e9cris sur mes exp\u00e9riences v\u00e9cues et je transpose ces exp\u00e9riences en fiction narrative. Mon travail en arts visuels s\u2019inspire de l\u2019art relationnel, de la sociologie, de la litt\u00e9rature, de la bande dessin\u00e9e japonaise et du cin\u00e9ma. Je me sers des m\u00e9diums picturaux, de l\u2019\u00e9criture et de l\u2019installation pour communiquer mes intentions par le biais de mises en sc\u00e8ne narratives sur la probl\u00e9matique des relations interpersonnelles. Je m\u2019int\u00e9resse aux ambiances \u00e9motives que peuvent d\u00e9gager des repr\u00e9sentations de lieux et d\u2019objets. Je travaille avec la lumi\u00e8re, l\u2019image, la mati\u00e8re et le son afin de cr\u00e9er des correspondances narratives avec les sens du spectateur. Mes choix esth\u00e9tiques permettent de cr\u00e9er des chemins de lectures o\u00f9 le spectateur retrouve des fragments de r\u00e9cits qu\u2019il interpr\u00e8te avec son propre bagage culturel.<\/p>\n","protected":false},"excerpt":{"rendered":"<p>Cr\u00e9dit photo : Nathalie Bolduc (2023) Ma d\u00e9marche artistique s\u2019oriente autour du rapport entre l\u2019\u00eatre humain, sa spiritualit\u00e9 et son environnement. L\u2019autofiction, ma sensibilit\u00e9 et mon int\u00e9riorit\u00e9 sont des \u00e9l\u00e9ments r\u00e9currents dans mon travail. En effet, je m\u2019int\u00e9resse \u00e0\u00a0ma relation d\u2019alt\u00e9rit\u00e9 avec les individus. Ainsi, je puisse\u00a0la symbolique de mon travail dans mes rapports psychiques &hellip; <\/p>\n","protected":false},"author":1,"featured_media":0,"parent":0,"menu_order":0,"comment_status":"closed","ping_status":"closed","template":"","meta":{"jetpack_post_was_ever_published":false,"footnotes":""},"class_list":["post-53","page","type-page","status-publish","hentry"],"jetpack_sharing_enabled":true,"jetpack_shortlink":"https:\/\/wp.me\/PayfvP-R","jetpack-related-posts":[],"_links":{"self":[{"href":"https:\/\/rosemariecaron.com\/index.php\/wp-json\/wp\/v2\/pages\/53","targetHints":{"allow":["GET"]}}],"collection":[{"href":"https:\/\/rosemariecaron.com\/index.php\/wp-json\/wp\/v2\/pages"}],"about":[{"href":"https:\/\/rosemariecaron.com\/index.php\/wp-json\/wp\/v2\/types\/page"}],"author":[{"embeddable":true,"href":"https:\/\/rosemariecaron.com\/index.php\/wp-json\/wp\/v2\/users\/1"}],"replies":[{"embeddable":true,"href":"https:\/\/rosemariecaron.com\/index.php\/wp-json\/wp\/v2\/comments?post=53"}],"version-history":[{"count":8,"href":"https:\/\/rosemariecaron.com\/index.php\/wp-json\/wp\/v2\/pages\/53\/revisions"}],"predecessor-version":[{"id":963,"href":"https:\/\/rosemariecaron.com\/index.php\/wp-json\/wp\/v2\/pages\/53\/revisions\/963"}],"wp:attachment":[{"href":"https:\/\/rosemariecaron.com\/index.php\/wp-json\/wp\/v2\/media?parent=53"}],"curies":[{"name":"wp","href":"https:\/\/api.w.org\/{rel}","templated":true}]}}