{"id":70,"date":"2018-12-20T15:29:27","date_gmt":"2018-12-20T15:29:27","guid":{"rendered":"http:\/\/rosemariecaron.com\/?page_id=70"},"modified":"2024-07-10T20:53:45","modified_gmt":"2024-07-10T20:53:45","slug":"litterature","status":"publish","type":"page","link":"https:\/\/rosemariecaron.com\/index.php\/litterature\/","title":{"rendered":"Litt\u00e9rature"},"content":{"rendered":"\n<figure class=\"wp-block-image size-large is-style-default\"><img data-recalc-dims=\"1\" loading=\"lazy\" decoding=\"async\" width=\"780\" height=\"780\" data-attachment-id=\"952\" data-permalink=\"https:\/\/rosemariecaron.com\/387413998_250642720877510_363531433634785950_n-1-3\/\" data-orig-file=\"https:\/\/i0.wp.com\/rosemariecaron.com\/wp-content\/uploads\/2024\/07\/387413998_250642720877510_363531433634785950_n-1-edited-1.jpg?fit=1852%2C1852&amp;ssl=1\" data-orig-size=\"1852,1852\" data-comments-opened=\"1\" data-image-meta=\"{&quot;aperture&quot;:&quot;0&quot;,&quot;credit&quot;:&quot;&quot;,&quot;camera&quot;:&quot;&quot;,&quot;caption&quot;:&quot;&quot;,&quot;created_timestamp&quot;:&quot;0&quot;,&quot;copyright&quot;:&quot;&quot;,&quot;focal_length&quot;:&quot;0&quot;,&quot;iso&quot;:&quot;0&quot;,&quot;shutter_speed&quot;:&quot;0&quot;,&quot;title&quot;:&quot;&quot;,&quot;orientation&quot;:&quot;0&quot;}\" data-image-title=\"387413998_250642720877510_363531433634785950_n-1\" data-image-description=\"\" data-image-caption=\"\" data-large-file=\"https:\/\/i0.wp.com\/rosemariecaron.com\/wp-content\/uploads\/2024\/07\/387413998_250642720877510_363531433634785950_n-1-edited-1.jpg?fit=780%2C780&amp;ssl=1\" src=\"https:\/\/i0.wp.com\/rosemariecaron.com\/wp-content\/uploads\/2024\/07\/387413998_250642720877510_363531433634785950_n-1-edited-1.jpg?resize=780%2C780&#038;ssl=1\" alt=\"\" class=\"wp-image-952\" srcset=\"https:\/\/i0.wp.com\/rosemariecaron.com\/wp-content\/uploads\/2024\/07\/387413998_250642720877510_363531433634785950_n-1-edited-1.jpg?w=1852&amp;ssl=1 1852w, https:\/\/i0.wp.com\/rosemariecaron.com\/wp-content\/uploads\/2024\/07\/387413998_250642720877510_363531433634785950_n-1-edited-1.jpg?resize=300%2C300&amp;ssl=1 300w, https:\/\/i0.wp.com\/rosemariecaron.com\/wp-content\/uploads\/2024\/07\/387413998_250642720877510_363531433634785950_n-1-edited-1.jpg?resize=1024%2C1024&amp;ssl=1 1024w, https:\/\/i0.wp.com\/rosemariecaron.com\/wp-content\/uploads\/2024\/07\/387413998_250642720877510_363531433634785950_n-1-edited-1.jpg?resize=150%2C150&amp;ssl=1 150w, https:\/\/i0.wp.com\/rosemariecaron.com\/wp-content\/uploads\/2024\/07\/387413998_250642720877510_363531433634785950_n-1-edited-1.jpg?resize=768%2C768&amp;ssl=1 768w, https:\/\/i0.wp.com\/rosemariecaron.com\/wp-content\/uploads\/2024\/07\/387413998_250642720877510_363531433634785950_n-1-edited-1.jpg?resize=1536%2C1536&amp;ssl=1 1536w, https:\/\/i0.wp.com\/rosemariecaron.com\/wp-content\/uploads\/2024\/07\/387413998_250642720877510_363531433634785950_n-1-edited-1.jpg?resize=468%2C468&amp;ssl=1 468w\" sizes=\"auto, (max-width: 780px) 100vw, 780px\" \/><\/figure>\n\n\n\n<p><a href=\"https:\/\/fr.blurb.ca\/b\/11709998-osciller-la-voie-des-chrysalides\">https:\/\/fr.blurb.ca\/b\/11709998-osciller-la-voie-des-chrysalides<\/a><\/p>\n\n\n\n<p><\/p>\n\n\n\n<p>liens vers mon m\u00e9moire de recherche : <a href=\"https:\/\/constellation.uqac.ca\/id\/eprint\/9740\">https:\/\/constellation.uqac.ca\/id\/eprint\/9740<\/a><\/p>\n\n\n\n<p><\/p>\n\n\n\n<p>Publication dans la revue inter n.142 <\/p>\n\n\n\n<figure class=\"wp-block-image size-large\"><img data-recalc-dims=\"1\" loading=\"lazy\" decoding=\"async\" width=\"780\" height=\"439\" data-attachment-id=\"955\" data-permalink=\"https:\/\/rosemariecaron.com\/thumbnail_5a5746a1-94eb-4813-aa20-149e101428e6-3\/\" data-orig-file=\"https:\/\/i0.wp.com\/rosemariecaron.com\/wp-content\/uploads\/2024\/07\/thumbnail_5A5746A1-94EB-4813-AA20-149E101428E6-edited-1.jpg?fit=1440%2C810&amp;ssl=1\" data-orig-size=\"1440,810\" data-comments-opened=\"1\" data-image-meta=\"{&quot;aperture&quot;:&quot;0&quot;,&quot;credit&quot;:&quot;&quot;,&quot;camera&quot;:&quot;&quot;,&quot;caption&quot;:&quot;&quot;,&quot;created_timestamp&quot;:&quot;0&quot;,&quot;copyright&quot;:&quot;&quot;,&quot;focal_length&quot;:&quot;0&quot;,&quot;iso&quot;:&quot;0&quot;,&quot;shutter_speed&quot;:&quot;0&quot;,&quot;title&quot;:&quot;&quot;,&quot;orientation&quot;:&quot;0&quot;}\" data-image-title=\"thumbnail_5A5746A1-94EB-4813-AA20-149E101428E6\" data-image-description=\"\" data-image-caption=\"\" data-large-file=\"https:\/\/i0.wp.com\/rosemariecaron.com\/wp-content\/uploads\/2024\/07\/thumbnail_5A5746A1-94EB-4813-AA20-149E101428E6-edited-1.jpg?fit=780%2C439&amp;ssl=1\" src=\"https:\/\/i0.wp.com\/rosemariecaron.com\/wp-content\/uploads\/2024\/07\/thumbnail_5A5746A1-94EB-4813-AA20-149E101428E6-edited-1.jpg?resize=780%2C439&#038;ssl=1\" alt=\"\" class=\"wp-image-955\" srcset=\"https:\/\/i0.wp.com\/rosemariecaron.com\/wp-content\/uploads\/2024\/07\/thumbnail_5A5746A1-94EB-4813-AA20-149E101428E6-edited-1.jpg?w=1440&amp;ssl=1 1440w, https:\/\/i0.wp.com\/rosemariecaron.com\/wp-content\/uploads\/2024\/07\/thumbnail_5A5746A1-94EB-4813-AA20-149E101428E6-edited-1.jpg?resize=300%2C169&amp;ssl=1 300w, https:\/\/i0.wp.com\/rosemariecaron.com\/wp-content\/uploads\/2024\/07\/thumbnail_5A5746A1-94EB-4813-AA20-149E101428E6-edited-1.jpg?resize=1024%2C576&amp;ssl=1 1024w, https:\/\/i0.wp.com\/rosemariecaron.com\/wp-content\/uploads\/2024\/07\/thumbnail_5A5746A1-94EB-4813-AA20-149E101428E6-edited-1.jpg?resize=768%2C432&amp;ssl=1 768w\" sizes=\"auto, (max-width: 780px) 100vw, 780px\" \/><\/figure>\n\n\n\n<figure class=\"wp-block-embed is-type-wp-embed is-provider-le-lieu wp-block-embed-le-lieu\"><div class=\"wp-block-embed__wrapper\">\n<blockquote class=\"wp-embedded-content\" data-secret=\"JMqsjAULG5\"><a href=\"https:\/\/inter-lelieu.org\/revues\/inter142\/\">Inter n\u00b0 142<\/a><\/blockquote><iframe loading=\"lazy\" class=\"wp-embedded-content\" sandbox=\"allow-scripts\" security=\"restricted\" style=\"position: absolute; clip: rect(1px, 1px, 1px, 1px);\" title=\"&laquo; Inter n\u00b0 142 &raquo; &#8212; Le Lieu\" src=\"https:\/\/inter-lelieu.org\/revues\/inter142\/embed\/#?secret=KFau4Po7rT#?secret=JMqsjAULG5\" data-secret=\"JMqsjAULG5\" width=\"600\" height=\"338\" frameborder=\"0\" marginwidth=\"0\" marginheight=\"0\" scrolling=\"no\"><\/iframe>\n<\/div><\/figure>\n\n\n\n<figure class=\"wp-block-image\"><img data-recalc-dims=\"1\" loading=\"lazy\" decoding=\"async\" width=\"400\" height=\"600\" data-attachment-id=\"956\" data-permalink=\"https:\/\/rosemariecaron.com\/couleur_de_lame_couverture_finale-3\/\" data-orig-file=\"https:\/\/i0.wp.com\/rosemariecaron.com\/wp-content\/uploads\/2024\/07\/couleur_de_lame_couverture_finale-1-e1551151445665-edited.jpg?fit=400%2C600&amp;ssl=1\" data-orig-size=\"400,600\" data-comments-opened=\"1\" data-image-meta=\"{&quot;aperture&quot;:&quot;0&quot;,&quot;credit&quot;:&quot;&quot;,&quot;camera&quot;:&quot;&quot;,&quot;caption&quot;:&quot;&quot;,&quot;created_timestamp&quot;:&quot;0&quot;,&quot;copyright&quot;:&quot;&quot;,&quot;focal_length&quot;:&quot;0&quot;,&quot;iso&quot;:&quot;0&quot;,&quot;shutter_speed&quot;:&quot;0&quot;,&quot;title&quot;:&quot;&quot;,&quot;orientation&quot;:&quot;1&quot;}\" data-image-title=\"couleur_de_lame_couverture_finale\" data-image-description=\"\" data-image-caption=\"\" data-large-file=\"https:\/\/i0.wp.com\/rosemariecaron.com\/wp-content\/uploads\/2024\/07\/couleur_de_lame_couverture_finale-1-e1551151445665-edited.jpg?fit=400%2C600&amp;ssl=1\" src=\"https:\/\/i0.wp.com\/rosemariecaron.com\/wp-content\/uploads\/2024\/07\/couleur_de_lame_couverture_finale-1-e1551151445665-edited.jpg?resize=400%2C600&#038;ssl=1\" alt=\"\" class=\"wp-image-956\" srcset=\"https:\/\/i0.wp.com\/rosemariecaron.com\/wp-content\/uploads\/2024\/07\/couleur_de_lame_couverture_finale-1-e1551151445665-edited.jpg?w=400&amp;ssl=1 400w, https:\/\/i0.wp.com\/rosemariecaron.com\/wp-content\/uploads\/2024\/07\/couleur_de_lame_couverture_finale-1-e1551151445665-edited.jpg?resize=200%2C300&amp;ssl=1 200w\" sizes=\"auto, (max-width: 400px) 100vw, 400px\" \/><figcaption class=\"wp-element-caption\">Recueil de po\u00e8mes publi\u00e9 \u00e0 la Maison d&rsquo;\u00c9dition Rubis<\/figcaption><\/figure>\n\n\n\n<p>Disponible sur la boutique en ligne : <a href=\"https:\/\/squareup.com\/store\/maison-dedition-rubis\">https:\/\/squareup.com\/store\/maison-dedition-rubis&nbsp;<\/a><\/p>\n","protected":false},"excerpt":{"rendered":"<p>https:\/\/fr.blurb.ca\/b\/11709998-osciller-la-voie-des-chrysalides liens vers mon m\u00e9moire de recherche : https:\/\/constellation.uqac.ca\/id\/eprint\/9740 Publication dans la revue inter n.142 Disponible sur la boutique en ligne : https:\/\/squareup.com\/store\/maison-dedition-rubis&nbsp;<\/p>\n","protected":false},"author":1,"featured_media":0,"parent":0,"menu_order":0,"comment_status":"closed","ping_status":"closed","template":"","meta":{"jetpack_post_was_ever_published":false,"footnotes":""},"class_list":["post-70","page","type-page","status-publish","hentry"],"jetpack_sharing_enabled":true,"jetpack_shortlink":"https:\/\/wp.me\/PayfvP-18","jetpack-related-posts":[],"_links":{"self":[{"href":"https:\/\/rosemariecaron.com\/index.php\/wp-json\/wp\/v2\/pages\/70","targetHints":{"allow":["GET"]}}],"collection":[{"href":"https:\/\/rosemariecaron.com\/index.php\/wp-json\/wp\/v2\/pages"}],"about":[{"href":"https:\/\/rosemariecaron.com\/index.php\/wp-json\/wp\/v2\/types\/page"}],"author":[{"embeddable":true,"href":"https:\/\/rosemariecaron.com\/index.php\/wp-json\/wp\/v2\/users\/1"}],"replies":[{"embeddable":true,"href":"https:\/\/rosemariecaron.com\/index.php\/wp-json\/wp\/v2\/comments?post=70"}],"version-history":[{"count":15,"href":"https:\/\/rosemariecaron.com\/index.php\/wp-json\/wp\/v2\/pages\/70\/revisions"}],"predecessor-version":[{"id":957,"href":"https:\/\/rosemariecaron.com\/index.php\/wp-json\/wp\/v2\/pages\/70\/revisions\/957"}],"wp:attachment":[{"href":"https:\/\/rosemariecaron.com\/index.php\/wp-json\/wp\/v2\/media?parent=70"}],"curies":[{"name":"wp","href":"https:\/\/api.w.org\/{rel}","templated":true}]}}